{"id":294,"date":"2024-10-07T00:01:56","date_gmt":"2024-10-06T22:01:56","guid":{"rendered":"http:\/\/mgmeziw.cluster027.hosting.ovh.net\/?page_id=294"},"modified":"2025-01-19T15:52:30","modified_gmt":"2025-01-19T14:52:30","slug":"8_formation-maintien-et-actualisation-des-competences-sst","status":"publish","type":"page","link":"https:\/\/www.fsprevention.fr\/index.php\/8_formation-maintien-et-actualisation-des-competences-sst\/","title":{"rendered":"Formation Maintien et Actualisation des Comp\u00e9tences SST"},"content":{"rendered":"\n\n\n\n\n\n\n\n\n\n","protected":false},"excerpt":{"rendered":"","protected":false},"author":1,"featured_media":0,"parent":0,"menu_order":0,"comment_status":"closed","ping_status":"closed","template":"full-width","meta":{"saved_in_kubio":true,"footnotes":""},"class_list":["post-294","page","type-page","status-publish","hentry"],"kubio_ai_page_context":{"short_desc":"","purpose":"general"},"yoast_head":"<!-- This site is optimized with the Yoast SEO plugin v26.6 - https:\/\/yoast.com\/wordpress\/plugins\/seo\/ -->\n<title>Formation Maintien et Actualisation des Comp\u00e9tences SST - F&amp;S Pr\u00e9vention<\/title>\n<meta name=\"description\" content=\"Participez \u00e0 la Formation Maintien et Actualisation des Comp\u00e9tences SST de F&amp;S Pr\u00e9vention en Rh\u00f4ne-Alpes. Renouvelez vos comp\u00e9tences en secourisme et s\u00e9curit\u00e9 au travail pour garantir un environnement de travail s\u00e9curis\u00e9. Inscrivez-vous d\u00e8s aujourd&#039;hui pour rester conforme aux normes et prot\u00e9ger vos \u00e9quipes !\" \/>\n<meta name=\"robots\" content=\"index, follow, max-snippet:-1, max-image-preview:large, max-video-preview:-1\" \/>\n<link rel=\"canonical\" href=\"https:\/\/www.fsprevention.fr\/index.php\/8_formation-maintien-et-actualisation-des-competences-sst\/\" \/>\n<meta property=\"og:locale\" content=\"fr_FR\" \/>\n<meta property=\"og:type\" content=\"article\" \/>\n<meta property=\"og:title\" content=\"Formation Maintien et Actualisation des Comp\u00e9tences SST - F&amp;S Pr\u00e9vention\" \/>\n<meta property=\"og:description\" content=\"Participez \u00e0 la Formation Maintien et Actualisation des Comp\u00e9tences SST de F&amp;S Pr\u00e9vention en Rh\u00f4ne-Alpes. Renouvelez vos comp\u00e9tences en secourisme et s\u00e9curit\u00e9 au travail pour garantir un environnement de travail s\u00e9curis\u00e9. Inscrivez-vous d\u00e8s aujourd&#039;hui pour rester conforme aux normes et prot\u00e9ger vos \u00e9quipes !\" \/>\n<meta property=\"og:url\" content=\"https:\/\/www.fsprevention.fr\/index.php\/8_formation-maintien-et-actualisation-des-competences-sst\/\" \/>\n<meta property=\"og:site_name\" content=\"F&amp;S Pr\u00e9vention\" \/>\n<meta property=\"article:modified_time\" content=\"2025-01-19T14:52:30+00:00\" \/>\n<meta name=\"twitter:card\" content=\"summary_large_image\" \/>\n<script type=\"application\/ld+json\" class=\"yoast-schema-graph\">{\"@context\":\"https:\/\/schema.org\",\"@graph\":[{\"@type\":\"WebPage\",\"@id\":\"https:\/\/www.fsprevention.fr\/index.php\/8_formation-maintien-et-actualisation-des-competences-sst\/\",\"url\":\"https:\/\/www.fsprevention.fr\/index.php\/8_formation-maintien-et-actualisation-des-competences-sst\/\",\"name\":\"Formation Maintien et Actualisation des Comp\u00e9tences SST - F&amp;S Pr\u00e9vention\",\"isPartOf\":{\"@id\":\"https:\/\/www.fsprevention.fr\/#website\"},\"datePublished\":\"2024-10-06T22:01:56+00:00\",\"dateModified\":\"2025-01-19T14:52:30+00:00\",\"description\":\"Participez \u00e0 la Formation Maintien et Actualisation des Comp\u00e9tences SST de F&S Pr\u00e9vention en Rh\u00f4ne-Alpes. Renouvelez vos comp\u00e9tences en secourisme et s\u00e9curit\u00e9 au travail pour garantir un environnement de travail s\u00e9curis\u00e9. Inscrivez-vous d\u00e8s aujourd'hui pour rester conforme aux normes et prot\u00e9ger vos \u00e9quipes !\",\"breadcrumb\":{\"@id\":\"https:\/\/www.fsprevention.fr\/index.php\/8_formation-maintien-et-actualisation-des-competences-sst\/#breadcrumb\"},\"inLanguage\":\"fr-FR\",\"potentialAction\":[{\"@type\":\"ReadAction\",\"target\":[\"https:\/\/www.fsprevention.fr\/index.php\/8_formation-maintien-et-actualisation-des-competences-sst\/\"]}]},{\"@type\":\"BreadcrumbList\",\"@id\":\"https:\/\/www.fsprevention.fr\/index.php\/8_formation-maintien-et-actualisation-des-competences-sst\/#breadcrumb\",\"itemListElement\":[{\"@type\":\"ListItem\",\"position\":1,\"name\":\"Accueil\",\"item\":\"https:\/\/www.fsprevention.fr\/\"},{\"@type\":\"ListItem\",\"position\":2,\"name\":\"Formation Maintien et Actualisation des Comp\u00e9tences SST\"}]},{\"@type\":\"WebSite\",\"@id\":\"https:\/\/www.fsprevention.fr\/#website\",\"url\":\"https:\/\/www.fsprevention.fr\/\",\"name\":\"F&amp;S Pr\u00e9vention\",\"description\":\"Pr\u00e9venir aujourd&#039;hui pour prot\u00e9ger demain\",\"publisher\":{\"@id\":\"https:\/\/www.fsprevention.fr\/#organization\"},\"potentialAction\":[{\"@type\":\"SearchAction\",\"target\":{\"@type\":\"EntryPoint\",\"urlTemplate\":\"https:\/\/www.fsprevention.fr\/?s={search_term_string}\"},\"query-input\":{\"@type\":\"PropertyValueSpecification\",\"valueRequired\":true,\"valueName\":\"search_term_string\"}}],\"inLanguage\":\"fr-FR\"},{\"@type\":\"Organization\",\"@id\":\"https:\/\/www.fsprevention.fr\/#organization\",\"name\":\"F&amp;S Pr\u00e9vention\",\"url\":\"https:\/\/www.fsprevention.fr\/\",\"logo\":{\"@type\":\"ImageObject\",\"inLanguage\":\"fr-FR\",\"@id\":\"https:\/\/www.fsprevention.fr\/#\/schema\/logo\/image\/\",\"url\":\"https:\/\/www.fsprevention.fr\/wp-content\/uploads\/2024\/09\/LOGO-FS-Prevention_LOGO-COULEUR-scaled.webp\",\"contentUrl\":\"https:\/\/www.fsprevention.fr\/wp-content\/uploads\/2024\/09\/LOGO-FS-Prevention_LOGO-COULEUR-scaled.webp\",\"width\":2560,\"height\":1300,\"caption\":\"F&amp;S Pr\u00e9vention\"},\"image\":{\"@id\":\"https:\/\/www.fsprevention.fr\/#\/schema\/logo\/image\/\"}}]}<\/script>\n<!-- \/ Yoast SEO plugin. -->","yoast_head_json":{"title":"Formation Maintien et Actualisation des Comp\u00e9tences SST - F&amp;S Pr\u00e9vention","description":"Participez \u00e0 la Formation Maintien et Actualisation des Comp\u00e9tences SST de F&S Pr\u00e9vention en Rh\u00f4ne-Alpes. Renouvelez vos comp\u00e9tences en secourisme et s\u00e9curit\u00e9 au travail pour garantir un environnement de travail s\u00e9curis\u00e9. Inscrivez-vous d\u00e8s aujourd'hui pour rester conforme aux normes et prot\u00e9ger vos \u00e9quipes !","robots":{"index":"index","follow":"follow","max-snippet":"max-snippet:-1","max-image-preview":"max-image-preview:large","max-video-preview":"max-video-preview:-1"},"canonical":"https:\/\/www.fsprevention.fr\/index.php\/8_formation-maintien-et-actualisation-des-competences-sst\/","og_locale":"fr_FR","og_type":"article","og_title":"Formation Maintien et Actualisation des Comp\u00e9tences SST - F&amp;S Pr\u00e9vention","og_description":"Participez \u00e0 la Formation Maintien et Actualisation des Comp\u00e9tences SST de F&S Pr\u00e9vention en Rh\u00f4ne-Alpes. Renouvelez vos comp\u00e9tences en secourisme et s\u00e9curit\u00e9 au travail pour garantir un environnement de travail s\u00e9curis\u00e9. Inscrivez-vous d\u00e8s aujourd'hui pour rester conforme aux normes et prot\u00e9ger vos \u00e9quipes !","og_url":"https:\/\/www.fsprevention.fr\/index.php\/8_formation-maintien-et-actualisation-des-competences-sst\/","og_site_name":"F&amp;S Pr\u00e9vention","article_modified_time":"2025-01-19T14:52:30+00:00","twitter_card":"summary_large_image","schema":{"@context":"https:\/\/schema.org","@graph":[{"@type":"WebPage","@id":"https:\/\/www.fsprevention.fr\/index.php\/8_formation-maintien-et-actualisation-des-competences-sst\/","url":"https:\/\/www.fsprevention.fr\/index.php\/8_formation-maintien-et-actualisation-des-competences-sst\/","name":"Formation Maintien et Actualisation des Comp\u00e9tences SST - F&amp;S Pr\u00e9vention","isPartOf":{"@id":"https:\/\/www.fsprevention.fr\/#website"},"datePublished":"2024-10-06T22:01:56+00:00","dateModified":"2025-01-19T14:52:30+00:00","description":"Participez \u00e0 la Formation Maintien et Actualisation des Comp\u00e9tences SST de F&S Pr\u00e9vention en Rh\u00f4ne-Alpes. Renouvelez vos comp\u00e9tences en secourisme et s\u00e9curit\u00e9 au travail pour garantir un environnement de travail s\u00e9curis\u00e9. Inscrivez-vous d\u00e8s aujourd'hui pour rester conforme aux normes et prot\u00e9ger vos \u00e9quipes !","breadcrumb":{"@id":"https:\/\/www.fsprevention.fr\/index.php\/8_formation-maintien-et-actualisation-des-competences-sst\/#breadcrumb"},"inLanguage":"fr-FR","potentialAction":[{"@type":"ReadAction","target":["https:\/\/www.fsprevention.fr\/index.php\/8_formation-maintien-et-actualisation-des-competences-sst\/"]}]},{"@type":"BreadcrumbList","@id":"https:\/\/www.fsprevention.fr\/index.php\/8_formation-maintien-et-actualisation-des-competences-sst\/#breadcrumb","itemListElement":[{"@type":"ListItem","position":1,"name":"Accueil","item":"https:\/\/www.fsprevention.fr\/"},{"@type":"ListItem","position":2,"name":"Formation Maintien et Actualisation des Comp\u00e9tences SST"}]},{"@type":"WebSite","@id":"https:\/\/www.fsprevention.fr\/#website","url":"https:\/\/www.fsprevention.fr\/","name":"F&amp;S Pr\u00e9vention","description":"Pr\u00e9venir aujourd&#039;hui pour prot\u00e9ger demain","publisher":{"@id":"https:\/\/www.fsprevention.fr\/#organization"},"potentialAction":[{"@type":"SearchAction","target":{"@type":"EntryPoint","urlTemplate":"https:\/\/www.fsprevention.fr\/?s={search_term_string}"},"query-input":{"@type":"PropertyValueSpecification","valueRequired":true,"valueName":"search_term_string"}}],"inLanguage":"fr-FR"},{"@type":"Organization","@id":"https:\/\/www.fsprevention.fr\/#organization","name":"F&amp;S Pr\u00e9vention","url":"https:\/\/www.fsprevention.fr\/","logo":{"@type":"ImageObject","inLanguage":"fr-FR","@id":"https:\/\/www.fsprevention.fr\/#\/schema\/logo\/image\/","url":"https:\/\/www.fsprevention.fr\/wp-content\/uploads\/2024\/09\/LOGO-FS-Prevention_LOGO-COULEUR-scaled.webp","contentUrl":"https:\/\/www.fsprevention.fr\/wp-content\/uploads\/2024\/09\/LOGO-FS-Prevention_LOGO-COULEUR-scaled.webp","width":2560,"height":1300,"caption":"F&amp;S Pr\u00e9vention"},"image":{"@id":"https:\/\/www.fsprevention.fr\/#\/schema\/logo\/image\/"}}]}},"_links":{"self":[{"href":"https:\/\/www.fsprevention.fr\/index.php\/wp-json\/wp\/v2\/pages\/294","targetHints":{"allow":["GET"]}}],"collection":[{"href":"https:\/\/www.fsprevention.fr\/index.php\/wp-json\/wp\/v2\/pages"}],"about":[{"href":"https:\/\/www.fsprevention.fr\/index.php\/wp-json\/wp\/v2\/types\/page"}],"author":[{"embeddable":true,"href":"https:\/\/www.fsprevention.fr\/index.php\/wp-json\/wp\/v2\/users\/1"}],"replies":[{"embeddable":true,"href":"https:\/\/www.fsprevention.fr\/index.php\/wp-json\/wp\/v2\/comments?post=294"}],"version-history":[{"count":8,"href":"https:\/\/www.fsprevention.fr\/index.php\/wp-json\/wp\/v2\/pages\/294\/revisions"}],"predecessor-version":[{"id":565,"href":"https:\/\/www.fsprevention.fr\/index.php\/wp-json\/wp\/v2\/pages\/294\/revisions\/565"}],"wp:attachment":[{"href":"https:\/\/www.fsprevention.fr\/index.php\/wp-json\/wp\/v2\/media?parent=294"}],"curies":[{"name":"wp","href":"https:\/\/api.w.org\/{rel}","templated":true}]}}